{"id":71,"date":"2021-03-12T22:09:25","date_gmt":"2021-03-12T22:09:25","guid":{"rendered":"https:\/\/clinicaivodent.ro\/?page_id=71"},"modified":"2024-10-28T13:02:05","modified_gmt":"2024-10-28T13:02:05","slug":"echipa-ivodent","status":"publish","type":"page","link":"https:\/\/clinicaivodent.ro\/index.php\/echipa-ivodent\/","title":{"rendered":"Echipa Ivodent"},"content":{"rendered":"\t\t<div data-elementor-type=\"wp-page\" data-elementor-id=\"71\" class=\"elementor elementor-71\">\n\t\t\t\t\t\t<section class=\"elementor-section elementor-top-section elementor-element elementor-element-52f49923 elementor-section-height-min-height elementor-section-content-middle elementor-section-stretched elementor-section-boxed elementor-section-height-default elementor-section-items-middle\" data-id=\"52f49923\" data-element_type=\"section\" data-e-type=\"section\" data-settings=\"{&quot;background_background&quot;:&quot;classic&quot;,&quot;stretch_section&quot;:&quot;section-stretched&quot;}\">\n\t\t\t\t\t\t\t<div class=\"elementor-background-overlay\"><\/div>\n\t\t\t\t\t\t\t<div class=\"elementor-container elementor-column-gap-default\">\n\t\t\t\t\t<div class=\"elementor-column elementor-col-100 elementor-top-column elementor-element elementor-element-5472a4d\" data-id=\"5472a4d\" data-element_type=\"column\" data-e-type=\"column\">\n\t\t\t<div class=\"elementor-widget-wrap elementor-element-populated\">\n\t\t\t\t\t\t<div class=\"elementor-element elementor-element-79ca1c8 elementor-widget elementor-widget-heading\" data-id=\"79ca1c8\" data-element_type=\"widget\" data-e-type=\"widget\" data-widget_type=\"heading.default\">\n\t\t\t\t<div class=\"elementor-widget-container\">\n\t\t\t\t\t<h3 class=\"elementor-heading-title elementor-size-default\">Echipa  IVODENT<\/h3>\t\t\t\t<\/div>\n\t\t\t\t<\/div>\n\t\t\t\t<div class=\"elementor-element elementor-element-afa1ee4 elementor-widget elementor-widget-text-editor\" data-id=\"afa1ee4\" data-element_type=\"widget\" data-e-type=\"widget\" data-widget_type=\"text-editor.default\">\n\t\t\t\t<div class=\"elementor-widget-container\">\n\t\t\t\t\t\t\t\t\t<p>Descoper\u0103 serviciile premium ale echipei noastre\u00a0 dedicate s\u0103n\u0103t\u0103\u021bii \u0219i frumuse\u021bii z\u00e2mbetului t\u0103u. Cu o experien\u021b\u0103 vast\u0103 \u00een domeniu, dentistii nostri ofer\u0103 o gam\u0103 complet\u0103 de servicii dentare personalizate, de la consultatii \u0219i igienizare dentar\u0103, p\u00e2n\u0103 la tratamente de canal, extrac\u021bii si implanturi dentare.<\/p>\t\t\t\t\t\t\t\t<\/div>\n\t\t\t\t<\/div>\n\t\t\t\t\t<\/div>\n\t\t<\/div>\n\t\t\t\t\t<\/div>\n\t\t<\/section>\n\t\t\t\t<section class=\"elementor-section elementor-top-section elementor-element elementor-element-6cf6d3c elementor-section-content-middle elementor-section-boxed elementor-section-height-default elementor-section-height-default\" data-id=\"6cf6d3c\" data-element_type=\"section\" data-e-type=\"section\">\n\t\t\t\t\t\t<div class=\"elementor-container elementor-column-gap-no\">\n\t\t\t\t\t<div class=\"elementor-column elementor-col-100 elementor-top-column elementor-element elementor-element-0d255a1\" data-id=\"0d255a1\" data-element_type=\"column\" data-e-type=\"column\">\n\t\t\t<div class=\"elementor-widget-wrap elementor-element-populated\">\n\t\t\t\t\t\t<div class=\"elementor-element elementor-element-727c442 elementor-widget elementor-widget-heading\" data-id=\"727c442\" data-element_type=\"widget\" data-e-type=\"widget\" data-widget_type=\"heading.default\">\n\t\t\t\t<div class=\"elementor-widget-container\">\n\t\t\t\t\t<h4 class=\"elementor-heading-title elementor-size-default\">Echipa Ivodent<\/h4>\t\t\t\t<\/div>\n\t\t\t\t<\/div>\n\t\t\t\t<section class=\"elementor-section elementor-inner-section elementor-element elementor-element-545e25d elementor-section-boxed elementor-section-height-default elementor-section-height-default\" data-id=\"545e25d\" data-element_type=\"section\" data-e-type=\"section\">\n\t\t\t\t\t\t<div class=\"elementor-container elementor-column-gap-default\">\n\t\t\t\t\t<div class=\"elementor-column elementor-col-100 elementor-inner-column elementor-element elementor-element-a779f3e\" data-id=\"a779f3e\" data-element_type=\"column\" data-e-type=\"column\">\n\t\t\t<div class=\"elementor-widget-wrap elementor-element-populated\">\n\t\t\t\t\t\t<div class=\"elementor-element elementor-element-b5325b8 elementor-position-top elementor-widget elementor-widget-image-box\" data-id=\"b5325b8\" data-element_type=\"widget\" data-e-type=\"widget\" data-widget_type=\"image-box.default\">\n\t\t\t\t<div class=\"elementor-widget-container\">\n\t\t\t\t\t<div class=\"elementor-image-box-wrapper\"><figure class=\"elementor-image-box-img\"><img fetchpriority=\"high\" decoding=\"async\" width=\"400\" height=\"400\" src=\"https:\/\/clinicaivodent.ro\/wp-content\/uploads\/2024\/02\/Bogdan_Diaconu_4.png\" class=\"elementor-animation-grow attachment-full size-full wp-image-725\" alt=\"\" srcset=\"https:\/\/clinicaivodent.ro\/wp-content\/uploads\/2024\/02\/Bogdan_Diaconu_4.png 400w, https:\/\/clinicaivodent.ro\/wp-content\/uploads\/2024\/02\/Bogdan_Diaconu_4-300x300.png 300w, https:\/\/clinicaivodent.ro\/wp-content\/uploads\/2024\/02\/Bogdan_Diaconu_4-150x150.png 150w, https:\/\/clinicaivodent.ro\/wp-content\/uploads\/2024\/02\/Bogdan_Diaconu_4-230x230.png 230w, https:\/\/clinicaivodent.ro\/wp-content\/uploads\/2024\/02\/Bogdan_Diaconu_4-350x350.png 350w\" sizes=\"(max-width: 400px) 100vw, 400px\" \/><\/figure><div class=\"elementor-image-box-content\"><h3 class=\"elementor-image-box-title\">Dr. Bogdan Diaconu<\/h3><p class=\"elementor-image-box-description\">medic dentist COORDONATOR - stomatologie generala<\/p><\/div><\/div>\t\t\t\t<\/div>\n\t\t\t\t<\/div>\n\t\t\t\t<div class=\"elementor-element elementor-element-d5f9b38 elementor-widget elementor-widget-text-editor\" data-id=\"d5f9b38\" data-element_type=\"widget\" data-e-type=\"widget\" data-widget_type=\"text-editor.default\">\n\t\t\t\t<div class=\"elementor-widget-container\">\n\t\t\t\t\t\t\t\t\t<p>Sunt un medic stomatolog cu o experien\u021b\u0103 de peste 20 de ani.\u00a0 Drumul meu continuu spre excelen\u021b\u0103 \u0219i pasiunea pentru s\u0103n\u0103tatea oral\u0103 m-au ghidat c\u0103tre abordarea fiec\u0103rui pacient cu aten\u021bie \u0219i empatie.<\/p><p>Cu un portofoliu bogat de cazuri tratate cu succes, \u00eemi doresc s\u0103 ofer pacien\u021bilor mei cele mai bune solu\u021bii pentru a-\u0219i rec\u0103p\u0103ta z\u00e2mbetul \u0219i \u00eencrederea. Folosim tehnologii de ultim\u0103 genera\u021bie \u0219i urmez cele mai actuale practici din domeniu pentru a v\u0103 asigura c\u0103 primi\u021bi tratamentele cele mai eficiente \u0219i confortabile.<\/p><p>De-a lungul anilor, am dezvoltat abilit\u0103\u021bi solide \u00een diverse proceduri stomatologice, de la igienizare \u0219i preven\u021bie, p\u00e2n\u0103 la tratamente de canal \u0219i restaur\u0103ri dentare. \u00cen plus, pun mare pre\u021b pe comunicarea cu pacien\u021bii mei, explic\u00e2ndu-le \u00een detaliu op\u021biunile de tratament \u0219i r\u0103spunz\u00e2nd cu r\u0103bdare la toate \u00eentreb\u0103rile.<\/p><p>V\u0103 invit s\u0103 v\u0103 al\u0103tura\u021bi numero\u0219ilor pacien\u021bi mul\u021bumi\u021bi care \u0219i-au \u00eencredin\u021bat s\u0103n\u0103tatea oral\u0103 \u00een grija mea. Fie c\u0103 ave\u021bi nevoie de o consulta\u021bie de rutin\u0103 sau de tratamente complexe, v\u0103 asigur c\u0103 sunte\u021bi \u00een m\u00e2ini bune. \u00cen calitate de medic dentist coordonator, \u00eemi asum responsabilitatea de a coordona echipa noastr\u0103 de speciali\u0219ti pentru a v\u0103 oferi servicii complete \u0219i coordonate. Scopul nostru este s\u0103 v\u0103 oferim o experien\u021b\u0103 pl\u0103cut\u0103 \u0219i satisf\u0103c\u0103toare \u00een fiecare vizit\u0103 la noi.<\/p>\t\t\t\t\t\t\t\t<\/div>\n\t\t\t\t<\/div>\n\t\t\t\t\t<\/div>\n\t\t<\/div>\n\t\t\t\t\t<\/div>\n\t\t<\/section>\n\t\t\t\t\t<\/div>\n\t\t<\/div>\n\t\t\t\t\t<\/div>\n\t\t<\/section>\n\t\t\t\t<section class=\"elementor-section elementor-top-section elementor-element elementor-element-1db05f9 elementor-section-content-middle elementor-section-boxed elementor-section-height-default elementor-section-height-default\" data-id=\"1db05f9\" data-element_type=\"section\" data-e-type=\"section\">\n\t\t\t\t\t\t<div class=\"elementor-container elementor-column-gap-no\">\n\t\t\t\t\t<div class=\"elementor-column elementor-col-100 elementor-top-column elementor-element elementor-element-8588390\" data-id=\"8588390\" data-element_type=\"column\" data-e-type=\"column\">\n\t\t\t<div class=\"elementor-widget-wrap elementor-element-populated\">\n\t\t\t\t\t\t<section class=\"elementor-section elementor-inner-section elementor-element elementor-element-62d178e elementor-section-boxed elementor-section-height-default elementor-section-height-default\" data-id=\"62d178e\" data-element_type=\"section\" data-e-type=\"section\">\n\t\t\t\t\t\t<div class=\"elementor-container elementor-column-gap-default\">\n\t\t\t\t\t<div class=\"elementor-column elementor-col-100 elementor-inner-column elementor-element elementor-element-dab8d45\" data-id=\"dab8d45\" data-element_type=\"column\" data-e-type=\"column\">\n\t\t\t<div class=\"elementor-widget-wrap elementor-element-populated\">\n\t\t\t\t\t\t<div class=\"elementor-element elementor-element-45d0dbf elementor-position-top elementor-widget elementor-widget-image-box\" data-id=\"45d0dbf\" data-element_type=\"widget\" data-e-type=\"widget\" data-widget_type=\"image-box.default\">\n\t\t\t\t<div class=\"elementor-widget-container\">\n\t\t\t\t\t<div class=\"elementor-image-box-wrapper\"><figure class=\"elementor-image-box-img\"><img decoding=\"async\" width=\"400\" height=\"400\" src=\"https:\/\/clinicaivodent.ro\/wp-content\/uploads\/2023\/03\/Doctor3-1.png\" class=\"elementor-animation-grow attachment-full size-full wp-image-387\" alt=\"\" srcset=\"https:\/\/clinicaivodent.ro\/wp-content\/uploads\/2023\/03\/Doctor3-1.png 400w, https:\/\/clinicaivodent.ro\/wp-content\/uploads\/2023\/03\/Doctor3-1-300x300.png 300w, https:\/\/clinicaivodent.ro\/wp-content\/uploads\/2023\/03\/Doctor3-1-150x150.png 150w, https:\/\/clinicaivodent.ro\/wp-content\/uploads\/2023\/03\/Doctor3-1-230x230.png 230w, https:\/\/clinicaivodent.ro\/wp-content\/uploads\/2023\/03\/Doctor3-1-350x350.png 350w\" sizes=\"(max-width: 400px) 100vw, 400px\" \/><\/figure><div class=\"elementor-image-box-content\"><h3 class=\"elementor-image-box-title\">Dr. ISABELA POSTOLACHE<\/h3><p class=\"elementor-image-box-description\">medic SPECIALIST -ORTODONTIE SI ORTOPEDIE FACIALA<\/p><\/div><\/div>\t\t\t\t<\/div>\n\t\t\t\t<\/div>\n\t\t\t\t<div class=\"elementor-element elementor-element-b5acd25 elementor-widget elementor-widget-text-editor\" data-id=\"b5acd25\" data-element_type=\"widget\" data-e-type=\"widget\" data-widget_type=\"text-editor.default\">\n\t\t\t\t<div class=\"elementor-widget-container\">\n\t\t\t\t\t\t\t\t\t<p>Fiind o persoan\u0103 pasionat\u0103 de frumos \u0219i art\u0103, am descoperit \u00een ortodon\u021bie ramura perfect\u0103 pentru mine \u00een domeniul medicinei dentare. Pe l\u00e2ng\u0103 satisfac\u021bia provoc\u0103rilor zilnice dintr-un mediu \u0219tiin\u021bific \u00een continu\u0103 evolu\u021bie, ortodon\u021bia m-a transformat \u00eentr-un profesionist atent la detalii, abord\u00e2nd nu doar aspectul estetic, alinierea, func\u021bionalitatea \u0219i s\u0103n\u0103tatea din\u021bilor, ci \u0219i s\u0103n\u0103tatea articula\u021biei temporo-mandibulare, a musculaturii \u0219i a posturii \u00een fiecare consult.<\/p><p>Caut \u00eentotdeauna s\u0103 stabilesc o comunicare eficient\u0103 cu pacien\u021bii mei, fie c\u0103 sunt adul\u021bi sau copii, deoarece sunt convins\u0103 c\u0103 o practic\u0103 medical\u0103 de calitate \u00eencepe cu empatie \u0219i o comunicare deschis\u0103. \u00cen profesia mea plin\u0103 de provoc\u0103ri, pledez pentru integrarea interdisciplinarit\u0103\u021bii \u00een protocoalele de planificare a tratamentului, at\u00e2t \u00een cazurile complexe, c\u00e2t \u0219i \u00een cele mai simple. Am observat importan\u021ba unei echipe unite \u0219i profesioniste \u00een acest demers, \u0219i m\u0103 dedic promov\u0103rii acestei abord\u0103ri \u00een beneficiul pacien\u021bilor.<\/p>\t\t\t\t\t\t\t\t<\/div>\n\t\t\t\t<\/div>\n\t\t\t\t\t<\/div>\n\t\t<\/div>\n\t\t\t\t\t<\/div>\n\t\t<\/section>\n\t\t\t\t\t<\/div>\n\t\t<\/div>\n\t\t\t\t\t<\/div>\n\t\t<\/section>\n\t\t\t\t<section class=\"elementor-section elementor-top-section elementor-element elementor-element-b810ac8 elementor-section-content-middle elementor-section-boxed elementor-section-height-default elementor-section-height-default\" data-id=\"b810ac8\" data-element_type=\"section\" data-e-type=\"section\">\n\t\t\t\t\t\t<div class=\"elementor-container elementor-column-gap-no\">\n\t\t\t\t\t<div class=\"elementor-column elementor-col-100 elementor-top-column elementor-element elementor-element-636f8af\" data-id=\"636f8af\" data-element_type=\"column\" data-e-type=\"column\">\n\t\t\t<div class=\"elementor-widget-wrap elementor-element-populated\">\n\t\t\t\t\t\t<section class=\"elementor-section elementor-inner-section elementor-element elementor-element-fa56b26 elementor-section-boxed elementor-section-height-default elementor-section-height-default\" data-id=\"fa56b26\" data-element_type=\"section\" data-e-type=\"section\">\n\t\t\t\t\t\t<div class=\"elementor-container elementor-column-gap-default\">\n\t\t\t\t\t<div class=\"elementor-column elementor-col-100 elementor-inner-column elementor-element elementor-element-4f06c69\" data-id=\"4f06c69\" data-element_type=\"column\" data-e-type=\"column\">\n\t\t\t<div class=\"elementor-widget-wrap elementor-element-populated\">\n\t\t\t\t\t\t<div class=\"elementor-element elementor-element-757d518 elementor-position-top elementor-widget elementor-widget-image-box\" data-id=\"757d518\" data-element_type=\"widget\" data-e-type=\"widget\" data-widget_type=\"image-box.default\">\n\t\t\t\t<div class=\"elementor-widget-container\">\n\t\t\t\t\t<div class=\"elementor-image-box-wrapper\"><figure class=\"elementor-image-box-img\"><img decoding=\"async\" width=\"400\" height=\"400\" src=\"https:\/\/clinicaivodent.ro\/wp-content\/uploads\/2023\/03\/Doctor2-1.png\" class=\"elementor-animation-grow attachment-full size-full wp-image-384\" alt=\"\" srcset=\"https:\/\/clinicaivodent.ro\/wp-content\/uploads\/2023\/03\/Doctor2-1.png 400w, https:\/\/clinicaivodent.ro\/wp-content\/uploads\/2023\/03\/Doctor2-1-300x300.png 300w, https:\/\/clinicaivodent.ro\/wp-content\/uploads\/2023\/03\/Doctor2-1-150x150.png 150w, https:\/\/clinicaivodent.ro\/wp-content\/uploads\/2023\/03\/Doctor2-1-230x230.png 230w, https:\/\/clinicaivodent.ro\/wp-content\/uploads\/2023\/03\/Doctor2-1-350x350.png 350w\" sizes=\"(max-width: 400px) 100vw, 400px\" \/><\/figure><div class=\"elementor-image-box-content\"><h3 class=\"elementor-image-box-title\">Dr. Razvan Staicu<\/h3><p class=\"elementor-image-box-description\">medic SPECIALIST- CHIRURGIE ORO-MAXILO-FACIaLA<\/p><\/div><\/div>\t\t\t\t<\/div>\n\t\t\t\t<\/div>\n\t\t\t\t<div class=\"elementor-element elementor-element-cc8803e elementor-widget__width-initial elementor-widget elementor-widget-text-editor\" data-id=\"cc8803e\" data-element_type=\"widget\" data-e-type=\"widget\" data-widget_type=\"text-editor.default\">\n\t\t\t\t<div class=\"elementor-widget-container\">\n\t\t\t\t\t\t\t\t\t<p>Bun venit \u00een lumea chirurgiei oro-maxilo-faciale! Profesez de peste 20 de ani ca specialist \u00een chirurgia oro-maxilo-facial\u0103, am dezvoltat competen\u021be avansate pentru a trata o varietate de afec\u021biuni ale fe\u021bei, maxilarelor, gurii \u0219i g\u00e2tului.<\/p><p>Ma ocup cu inserarea implanturilor de diverese tipuri in vederea restaurarii functionalitatii si esteticii.<\/p><p>Indiferent dac\u0103 ave\u021bi nevoie de extrac\u021bii dentare dificile, implanturi dentare, tratamente pentru afec\u021biuni ale articula\u021biei temporomandibulare, chirurgie ortognatic\u0103 sau alte interven\u021bii oro-maxilo-faciale, suntem aici s\u0103 v\u0103 ghid\u0103m \u00een aceast\u0103 c\u0103l\u0103torie c\u0103tre s\u0103n\u0103tate \u0219i recuperare.<\/p>\t\t\t\t\t\t\t\t<\/div>\n\t\t\t\t<\/div>\n\t\t\t\t\t<\/div>\n\t\t<\/div>\n\t\t\t\t\t<\/div>\n\t\t<\/section>\n\t\t\t\t\t<\/div>\n\t\t<\/div>\n\t\t\t\t\t<\/div>\n\t\t<\/section>\n\t\t\t\t<section class=\"elementor-section elementor-top-section elementor-element elementor-element-2f2524c elementor-section-content-middle elementor-section-boxed elementor-section-height-default elementor-section-height-default\" data-id=\"2f2524c\" data-element_type=\"section\" data-e-type=\"section\">\n\t\t\t\t\t\t<div class=\"elementor-container elementor-column-gap-no\">\n\t\t\t\t\t<div class=\"elementor-column elementor-col-100 elementor-top-column elementor-element elementor-element-83bf958\" data-id=\"83bf958\" data-element_type=\"column\" data-e-type=\"column\">\n\t\t\t<div class=\"elementor-widget-wrap elementor-element-populated\">\n\t\t\t\t\t\t<section class=\"elementor-section elementor-inner-section elementor-element elementor-element-2e624b6 elementor-section-boxed elementor-section-height-default elementor-section-height-default\" data-id=\"2e624b6\" data-element_type=\"section\" data-e-type=\"section\">\n\t\t\t\t\t\t<div class=\"elementor-container elementor-column-gap-default\">\n\t\t\t\t\t<div class=\"elementor-column elementor-col-100 elementor-inner-column elementor-element elementor-element-1982ac5\" data-id=\"1982ac5\" data-element_type=\"column\" data-e-type=\"column\">\n\t\t\t<div class=\"elementor-widget-wrap elementor-element-populated\">\n\t\t\t\t\t\t<div class=\"elementor-element elementor-element-46b5f6e elementor-position-top elementor-widget elementor-widget-image-box\" data-id=\"46b5f6e\" data-element_type=\"widget\" data-e-type=\"widget\" data-widget_type=\"image-box.default\">\n\t\t\t\t<div class=\"elementor-widget-container\">\n\t\t\t\t\t<div class=\"elementor-image-box-wrapper\"><figure class=\"elementor-image-box-img\"><img loading=\"lazy\" decoding=\"async\" width=\"400\" height=\"400\" src=\"https:\/\/clinicaivodent.ro\/wp-content\/uploads\/2024\/02\/Dr-Andra-Lobieniechi3.png\" class=\"elementor-animation-grow attachment-full size-full wp-image-732\" alt=\"\" srcset=\"https:\/\/clinicaivodent.ro\/wp-content\/uploads\/2024\/02\/Dr-Andra-Lobieniechi3.png 400w, https:\/\/clinicaivodent.ro\/wp-content\/uploads\/2024\/02\/Dr-Andra-Lobieniechi3-300x300.png 300w, https:\/\/clinicaivodent.ro\/wp-content\/uploads\/2024\/02\/Dr-Andra-Lobieniechi3-150x150.png 150w, https:\/\/clinicaivodent.ro\/wp-content\/uploads\/2024\/02\/Dr-Andra-Lobieniechi3-230x230.png 230w, https:\/\/clinicaivodent.ro\/wp-content\/uploads\/2024\/02\/Dr-Andra-Lobieniechi3-350x350.png 350w\" sizes=\"(max-width: 400px) 100vw, 400px\" \/><\/figure><div class=\"elementor-image-box-content\"><h3 class=\"elementor-image-box-title\">Dr. ANDRA LUBIENIECHI<\/h3><p class=\"elementor-image-box-description\">medic STOMATOLOG -STOMATOLOGIE GENERALA<\/p><\/div><\/div>\t\t\t\t<\/div>\n\t\t\t\t<\/div>\n\t\t\t\t<div class=\"elementor-element elementor-element-e6bad97 elementor-widget__width-initial elementor-widget elementor-widget-text-editor\" data-id=\"e6bad97\" data-element_type=\"widget\" data-e-type=\"widget\" data-widget_type=\"text-editor.default\">\n\t\t\t\t<div class=\"elementor-widget-container\">\n\t\t\t\t\t\t\t\t\t<p>\u00cen fiecare zi, m\u0103 ghidez \u00een practica stomatologic\u0103 prin pasiunea profund\u0103 pentru s\u0103n\u0103tatea oral\u0103 \u0219i dorin\u021ba ne\u00eentrerupt\u0103 de a atinge standardele cele mai \u00eenalte de excelen\u021b\u0103. Am gestionat cu succes o varietate de cazuri, construindu-mi un portofoliu diversificat \u0219i oferind solu\u021bii eficiente pentru restabilirea s\u0103n\u0103t\u0103\u021bii orale \u0219i a \u00eencrederii \u00een z\u00e2mbetul fiec\u0103rui pacient. Adopt tehnologii de ultim\u0103 genera\u021bie \u0219i implementez cele mai moderne practici, asigur\u00e2ndu-m\u0103 c\u0103 fiecare pacient prime\u0219te tratamente avansate \u0219i confortabile. V\u0103 invit cu c\u0103ldur\u0103 s\u0103 v\u0103 al\u0103tura\u021bi comunit\u0103\u021bii noastre de pacien\u021bi mul\u021bumi\u021bi, care au experimentat \u00eengrijirea dedicat\u0103 a s\u0103n\u0103t\u0103\u021bii orale la Ivodent.<\/p>\t\t\t\t\t\t\t\t<\/div>\n\t\t\t\t<\/div>\n\t\t\t\t\t<\/div>\n\t\t<\/div>\n\t\t\t\t\t<\/div>\n\t\t<\/section>\n\t\t\t\t\t<\/div>\n\t\t<\/div>\n\t\t\t\t\t<\/div>\n\t\t<\/section>\n\t\t\t\t<section class=\"elementor-section elementor-top-section elementor-element elementor-element-852c6de elementor-section-content-middle elementor-section-boxed elementor-section-height-default elementor-section-height-default\" data-id=\"852c6de\" data-element_type=\"section\" data-e-type=\"section\">\n\t\t\t\t\t\t<div class=\"elementor-container elementor-column-gap-no\">\n\t\t\t\t\t<div class=\"elementor-column elementor-col-100 elementor-top-column elementor-element elementor-element-39cc92d\" data-id=\"39cc92d\" data-element_type=\"column\" data-e-type=\"column\">\n\t\t\t<div class=\"elementor-widget-wrap elementor-element-populated\">\n\t\t\t\t\t\t\t<\/div>\n\t\t<\/div>\n\t\t\t\t\t<\/div>\n\t\t<\/section>\n\t\t\t\t<section class=\"elementor-section elementor-top-section elementor-element elementor-element-492116e elementor-section-boxed elementor-section-height-default elementor-section-height-default\" data-id=\"492116e\" data-element_type=\"section\" data-e-type=\"section\">\n\t\t\t\t\t\t<div class=\"elementor-container elementor-column-gap-default\">\n\t\t\t\t\t<div class=\"elementor-column elementor-col-100 elementor-top-column elementor-element elementor-element-301c8f9\" data-id=\"301c8f9\" data-element_type=\"column\" data-e-type=\"column\">\n\t\t\t<div class=\"elementor-widget-wrap elementor-element-populated\">\n\t\t\t\t\t\t<div class=\"elementor-element elementor-element-12391ce elementor-widget elementor-widget-spacer\" data-id=\"12391ce\" data-element_type=\"widget\" data-e-type=\"widget\" data-widget_type=\"spacer.default\">\n\t\t\t\t<div class=\"elementor-widget-container\">\n\t\t\t\t\t\t\t<div class=\"elementor-spacer\">\n\t\t\t<div class=\"elementor-spacer-inner\"><\/div>\n\t\t<\/div>\n\t\t\t\t\t\t<\/div>\n\t\t\t\t<\/div>\n\t\t\t\t\t<\/div>\n\t\t<\/div>\n\t\t\t\t\t<\/div>\n\t\t<\/section>\n\t\t\t\t<section class=\"elementor-section elementor-top-section elementor-element elementor-element-95790b2 elementor-section-stretched elementor-section-boxed elementor-section-height-default elementor-section-height-default\" data-id=\"95790b2\" data-element_type=\"section\" data-e-type=\"section\" data-settings=\"{&quot;background_background&quot;:&quot;classic&quot;,&quot;stretch_section&quot;:&quot;section-stretched&quot;}\">\n\t\t\t\t\t\t<div class=\"elementor-container elementor-column-gap-default\">\n\t\t\t\t\t<div class=\"elementor-column elementor-col-100 elementor-top-column elementor-element elementor-element-de3067f\" data-id=\"de3067f\" data-element_type=\"column\" data-e-type=\"column\">\n\t\t\t<div class=\"elementor-widget-wrap elementor-element-populated\">\n\t\t\t\t\t\t<div class=\"elementor-element elementor-element-adf265c elementor-widget elementor-widget-image\" data-id=\"adf265c\" data-element_type=\"widget\" data-e-type=\"widget\" data-widget_type=\"image.default\">\n\t\t\t\t<div class=\"elementor-widget-container\">\n\t\t\t\t\t\t\t\t\t\t\t\t\t\t\t<img loading=\"lazy\" decoding=\"async\" width=\"2048\" height=\"416\" src=\"https:\/\/clinicaivodent.ro\/wp-content\/uploads\/2023\/03\/Logo-ivodent-image-overlay-01-2048x416.png\" class=\"attachment-2048x2048 size-2048x2048 wp-image-335\" alt=\"\" srcset=\"https:\/\/clinicaivodent.ro\/wp-content\/uploads\/2023\/03\/Logo-ivodent-image-overlay-01-2048x416.png 2048w, https:\/\/clinicaivodent.ro\/wp-content\/uploads\/2023\/03\/Logo-ivodent-image-overlay-01-300x61.png 300w, https:\/\/clinicaivodent.ro\/wp-content\/uploads\/2023\/03\/Logo-ivodent-image-overlay-01-1024x208.png 1024w, https:\/\/clinicaivodent.ro\/wp-content\/uploads\/2023\/03\/Logo-ivodent-image-overlay-01-768x156.png 768w, https:\/\/clinicaivodent.ro\/wp-content\/uploads\/2023\/03\/Logo-ivodent-image-overlay-01-1536x312.png 1536w, https:\/\/clinicaivodent.ro\/wp-content\/uploads\/2023\/03\/Logo-ivodent-image-overlay-01-1000x203.png 1000w, https:\/\/clinicaivodent.ro\/wp-content\/uploads\/2023\/03\/Logo-ivodent-image-overlay-01-230x47.png 230w, https:\/\/clinicaivodent.ro\/wp-content\/uploads\/2023\/03\/Logo-ivodent-image-overlay-01-350x71.png 350w, https:\/\/clinicaivodent.ro\/wp-content\/uploads\/2023\/03\/Logo-ivodent-image-overlay-01-480x97.png 480w\" sizes=\"(max-width: 2048px) 100vw, 2048px\" \/>\t\t\t\t\t\t\t\t\t\t\t\t\t\t\t<\/div>\n\t\t\t\t<\/div>\n\t\t\t\t<div class=\"elementor-element elementor-element-927011c elementor-invisible elementor-widget elementor-widget-heading\" data-id=\"927011c\" data-element_type=\"widget\" data-e-type=\"widget\" data-settings=\"{&quot;_animation&quot;:&quot;fadeIn&quot;}\" data-widget_type=\"heading.default\">\n\t\t\t\t<div class=\"elementor-widget-container\">\n\t\t\t\t\t<h5 class=\"elementor-heading-title elementor-size-medium\">PROFESSIONAL-dental-services<\/h5>\t\t\t\t<\/div>\n\t\t\t\t<\/div>\n\t\t\t\t<div class=\"elementor-element elementor-element-e3bc651 elementor-invisible elementor-widget elementor-widget-heading\" data-id=\"e3bc651\" data-element_type=\"widget\" data-e-type=\"widget\" data-settings=\"{&quot;_animation&quot;:&quot;fadeIn&quot;}\" data-widget_type=\"heading.default\">\n\t\t\t\t<div class=\"elementor-widget-container\">\n\t\t\t\t\t<h5 class=\"elementor-heading-title elementor-size-medium\">\u00a9COPYRIGHT 2023 white SHEEP 3D GRAPHICS<\/h5>\t\t\t\t<\/div>\n\t\t\t\t<\/div>\n\t\t\t\t\t<\/div>\n\t\t<\/div>\n\t\t\t\t\t<\/div>\n\t\t<\/section>\n\t\t\t\t<\/div>\n\t\t","protected":false},"excerpt":{"rendered":"<p>Echipa IVODENT Descoper\u0103 serviciile premium ale echipei noastre\u00a0 dedicate s\u0103n\u0103t\u0103\u021bii \u0219i frumuse\u021bii z\u00e2mbetului t\u0103u. Cu o experien\u021b\u0103 vast\u0103 \u00een domeniu, dentistii nostri [&hellip;]<\/p>\n","protected":false},"author":1,"featured_media":0,"parent":0,"menu_order":0,"comment_status":"closed","ping_status":"closed","template":"elementor_header_footer","meta":{"footnotes":""},"class_list":["post-71","page","type-page","status-publish","hentry"],"_links":{"self":[{"href":"https:\/\/clinicaivodent.ro\/index.php\/wp-json\/wp\/v2\/pages\/71","targetHints":{"allow":["GET"]}}],"collection":[{"href":"https:\/\/clinicaivodent.ro\/index.php\/wp-json\/wp\/v2\/pages"}],"about":[{"href":"https:\/\/clinicaivodent.ro\/index.php\/wp-json\/wp\/v2\/types\/page"}],"author":[{"embeddable":true,"href":"https:\/\/clinicaivodent.ro\/index.php\/wp-json\/wp\/v2\/users\/1"}],"replies":[{"embeddable":true,"href":"https:\/\/clinicaivodent.ro\/index.php\/wp-json\/wp\/v2\/comments?post=71"}],"version-history":[{"count":124,"href":"https:\/\/clinicaivodent.ro\/index.php\/wp-json\/wp\/v2\/pages\/71\/revisions"}],"predecessor-version":[{"id":834,"href":"https:\/\/clinicaivodent.ro\/index.php\/wp-json\/wp\/v2\/pages\/71\/revisions\/834"}],"wp:attachment":[{"href":"https:\/\/clinicaivodent.ro\/index.php\/wp-json\/wp\/v2\/media?parent=71"}],"curies":[{"name":"wp","href":"https:\/\/api.w.org\/{rel}","templated":true}]}}